{"id":154,"date":"2020-06-18T04:06:10","date_gmt":"2020-06-18T04:06:10","guid":{"rendered":"https:\/\/film.almazmedia.com\/?page_id=154"},"modified":"2021-06-15T15:10:01","modified_gmt":"2021-06-15T15:10:01","slug":"who-we-are","status":"publish","type":"page","link":"https:\/\/film.almazmedia.com\/fr\/who-we-are\/","title":{"rendered":"\u00c0 propos d&#039;Almaz"},"content":{"rendered":"<div data-elementor-type=\"wp-page\" data-elementor-id=\"154\" class=\"elementor elementor-154\">\n\t\t\t\t\t\t<section class=\"elementor-section elementor-top-section elementor-element elementor-element-842da43 elementor-section-boxed elementor-section-height-default elementor-section-height-default\" data-id=\"842da43\" data-element_type=\"section\" data-settings=\"{&quot;background_background&quot;:&quot;classic&quot;}\">\n\t\t\t\t\t\t<div class=\"elementor-container elementor-column-gap-default\">\n\t\t\t\t\t<div class=\"elementor-column elementor-col-50 elementor-top-column elementor-element elementor-element-8908727\" data-id=\"8908727\" data-element_type=\"column\" data-settings=\"{&quot;background_background&quot;:&quot;classic&quot;}\">\n\t\t\t<div class=\"elementor-widget-wrap elementor-element-populated\">\n\t\t\t\t\t\t<div class=\"elementor-element elementor-element-994f360 elementor-widget elementor-widget-spacer\" data-id=\"994f360\" data-element_type=\"widget\" data-widget_type=\"spacer.default\">\n\t\t\t\t<div class=\"elementor-widget-container\">\n\t\t\t\t\t\t\t<div class=\"elementor-spacer\">\n\t\t\t<div class=\"elementor-spacer-inner\"><\/div>\n\t\t<\/div>\n\t\t\t\t\t\t<\/div>\n\t\t\t\t<\/div>\n\t\t\t\t\t<\/div>\n\t\t<\/div>\n\t\t\t\t<div class=\"elementor-column elementor-col-50 elementor-top-column elementor-element elementor-element-714f7cf\" data-id=\"714f7cf\" data-element_type=\"column\">\n\t\t\t<div class=\"elementor-widget-wrap elementor-element-populated\">\n\t\t\t\t\t\t<div class=\"elementor-element elementor-element-013f91c elementor-widget elementor-widget-spacer\" data-id=\"013f91c\" data-element_type=\"widget\" data-widget_type=\"spacer.default\">\n\t\t\t\t<div class=\"elementor-widget-container\">\n\t\t\t\t\t\t\t<div class=\"elementor-spacer\">\n\t\t\t<div class=\"elementor-spacer-inner\"><\/div>\n\t\t<\/div>\n\t\t\t\t\t\t<\/div>\n\t\t\t\t<\/div>\n\t\t\t\t<div class=\"elementor-element elementor-element-b52cb3d elementor-widget elementor-widget-heading\" data-id=\"b52cb3d\" data-element_type=\"widget\" data-widget_type=\"heading.default\">\n\t\t\t\t<div class=\"elementor-widget-container\">\n\t\t\t\t\t<h2 class=\"elementor-heading-title elementor-size-default\">Points forts de l&#039;entreprise<\/h2>\t\t\t\t<\/div>\n\t\t\t\t<\/div>\n\t\t\t\t<div class=\"elementor-element elementor-element-62841a9 elementor-widget elementor-widget-text-editor\" data-id=\"62841a9\" data-element_type=\"widget\" data-widget_type=\"text-editor.default\">\n\t\t\t\t<div class=\"elementor-widget-container\">\n\t\t\t\t\t\t\t\t\t<p>\u00c9tablis depuis pr\u00e8s d&#039;une d\u00e9cennie, nous avons confiance dans les normes internationales, la flexibilit\u00e9 et la cr\u00e9ativit\u00e9 que notre mod\u00e8le de boutique permet<\/p><p>Notre acc\u00e8s exclusif et notre exp\u00e9rience avec les liaisons gouvernementales ont permis de s\u00e9curiser de nombreuses productions pass\u00e9es, m\u00eame dans les situations les plus difficiles.<\/p><p>Parce que nous produisons \u00e9galement nos propres films, nous avons un vaste r\u00e9seau de pigistes, d&#039;artistes, d&#039;entreprises partenaires et de fournisseurs.<\/p><p>Nous sommes jeunes, mobiles et flexibles. Nous sommes habitu\u00e9s \u00e0 rester pr\u00e8s de notre emplacement et \u00e0 d\u00e9placer notre bureau pour r\u00e9pondre aux projets.<\/p>\t\t\t\t\t\t\t\t<\/div>\n\t\t\t\t<\/div>\n\t\t\t\t\t<\/div>\n\t\t<\/div>\n\t\t\t\t\t<\/div>\n\t\t<\/section>\n\t\t\t\t<section class=\"elementor-section elementor-top-section elementor-element elementor-element-7dceb8a elementor-section-boxed elementor-section-height-default elementor-section-height-default\" data-id=\"7dceb8a\" data-element_type=\"section\" data-settings=\"{&quot;background_background&quot;:&quot;classic&quot;}\">\n\t\t\t\t\t\t<div class=\"elementor-container elementor-column-gap-default\">\n\t\t\t\t\t<div class=\"elementor-column elementor-col-100 elementor-top-column elementor-element elementor-element-af6e20c\" data-id=\"af6e20c\" data-element_type=\"column\">\n\t\t\t<div class=\"elementor-widget-wrap elementor-element-populated\">\n\t\t\t\t\t\t<div class=\"elementor-element elementor-element-319b9ce elementor-widget elementor-widget-toggle\" data-id=\"319b9ce\" data-element_type=\"widget\" data-widget_type=\"toggle.default\">\n\t\t\t\t<div class=\"elementor-widget-container\">\n\t\t\t\t\t\t\t<div class=\"elementor-toggle\">\n\t\t\t\t\t\t\t<div class=\"elementor-toggle-item\">\n\t\t\t\t\t<h2 id=\"elementor-tab-title-5201\" class=\"elementor-tab-title\" data-tab=\"1\" role=\"button\" aria-controls=\"elementor-tab-content-5201\" aria-expanded=\"false\">\n\t\t\t\t\t\t\t\t\t\t\t\t<span class=\"elementor-toggle-icon elementor-toggle-icon-left\" aria-hidden=\"true\">\n\t\t\t\t\t\t\t\t\t\t\t\t\t\t\t<span class=\"elementor-toggle-icon-closed\"><svg class=\"e-font-icon-svg e-fas-caret-right\" viewbox=\"0 0 192 512\" xmlns=\"http:\/\/www.w3.org\/2000\/svg\"><path d=\"M0 384.662V127.338c0-17.818 21.543-26.741 34.142-14.142l128.662 128.662c7.81 7.81 7.81 20.474 0 28.284L34.142 398.804C21.543 411.404 0 402.48 0 384.662z\"><\/path><\/svg><\/span>\n\t\t\t\t\t\t\t\t<span class=\"elementor-toggle-icon-opened\"><svg class=\"elementor-toggle-icon-opened e-font-icon-svg e-fas-caret-up\" viewbox=\"0 0 320 512\" xmlns=\"http:\/\/www.w3.org\/2000\/svg\"><path d=\"M288.662 352H31.338c-17.818 0-26.741-21.543-14.142-34.142l128.662-128.662c7.81-7.81 20.474-7.81 28.284 0l128.662 128.662c12.6 12.599 3.676 34.142-14.142 34.142z\"><\/path><\/svg><\/span>\n\t\t\t\t\t\t\t\t\t\t\t\t\t<\/span>\n\t\t\t\t\t\t\t\t\t\t\t\t<a class=\"elementor-toggle-title\" tabindex=\"0\">Ils nous ont fait confiance<\/a>\n\t\t\t\t\t<\/h2>\n\n\t\t\t\t\t<div id=\"elementor-tab-content-5201\" class=\"elementor-tab-content elementor-clearfix\" data-tab=\"1\" role=\"region\" aria-labelledby=\"elementor-tab-title-5201\"><p><img fetchpriority=\"high\" decoding=\"async\" class=\"aligncenter wp-image-326 size-full\" src=\"https:\/\/film.almazmedia.com\/wp-content\/uploads\/2020\/07\/Logo_Wall_clean.jpg\" alt=\"\" width=\"1920\" height=\"1141\" title=\"\" srcset=\"https:\/\/film.almazmedia.com\/wp-content\/uploads\/2020\/07\/Logo_Wall_clean.jpg 1920w, https:\/\/film.almazmedia.com\/wp-content\/uploads\/2020\/07\/Logo_Wall_clean-300x178.jpg 300w, https:\/\/film.almazmedia.com\/wp-content\/uploads\/2020\/07\/Logo_Wall_clean-1024x609.jpg 1024w, https:\/\/film.almazmedia.com\/wp-content\/uploads\/2020\/07\/Logo_Wall_clean-768x456.jpg 768w, https:\/\/film.almazmedia.com\/wp-content\/uploads\/2020\/07\/Logo_Wall_clean-1536x913.jpg 1536w, https:\/\/film.almazmedia.com\/wp-content\/uploads\/2020\/07\/Logo_Wall_clean-1200x713.jpg 1200w\" sizes=\"(max-width: 1920px) 100vw, 1920px\" \/><\/p><\/div>\n\t\t\t\t<\/div>\n\t\t\t\t\t\t\t\t<\/div>\n\t\t\t\t\t\t<\/div>\n\t\t\t\t<\/div>\n\t\t\t\t\t<\/div>\n\t\t<\/div>\n\t\t\t\t\t<\/div>\n\t\t<\/section>\n\t\t\t\t<section class=\"elementor-section elementor-top-section elementor-element elementor-element-1bf842e elementor-section-boxed elementor-section-height-default elementor-section-height-default\" data-id=\"1bf842e\" data-element_type=\"section\" data-settings=\"{&quot;background_background&quot;:&quot;classic&quot;}\">\n\t\t\t\t\t\t\t<div class=\"elementor-background-overlay\"><\/div>\n\t\t\t\t\t\t\t<div class=\"elementor-container elementor-column-gap-default\">\n\t\t\t\t\t<div class=\"elementor-column elementor-col-100 elementor-top-column elementor-element elementor-element-417ea2d\" data-id=\"417ea2d\" data-element_type=\"column\">\n\t\t\t<div class=\"elementor-widget-wrap elementor-element-populated\">\n\t\t\t\t\t\t<section class=\"elementor-section elementor-inner-section elementor-element elementor-element-4856dc2 elementor-section-boxed elementor-section-height-default elementor-section-height-default\" data-id=\"4856dc2\" data-element_type=\"section\">\n\t\t\t\t\t\t<div class=\"elementor-container elementor-column-gap-default\">\n\t\t\t\t\t<div class=\"elementor-column elementor-col-100 elementor-inner-column elementor-element elementor-element-5c221ca\" data-id=\"5c221ca\" data-element_type=\"column\">\n\t\t\t<div class=\"elementor-widget-wrap elementor-element-populated\">\n\t\t\t\t\t\t<div class=\"elementor-element elementor-element-1f3dd61 elementor-widget elementor-widget-heading\" data-id=\"1f3dd61\" data-element_type=\"widget\" data-widget_type=\"heading.default\">\n\t\t\t\t<div class=\"elementor-widget-container\">\n\t\t\t\t\t<h2 class=\"elementor-heading-title elementor-size-default\">Rencontrez notre \u00e9quipe de production<\/h2>\t\t\t\t<\/div>\n\t\t\t\t<\/div>\n\t\t\t\t\t<\/div>\n\t\t<\/div>\n\t\t\t\t\t<\/div>\n\t\t<\/section>\n\t\t\t\t<div class=\"elementor-element elementor-element-95dc09f elementor-widget elementor-widget-spacer\" data-id=\"95dc09f\" data-element_type=\"widget\" data-widget_type=\"spacer.default\">\n\t\t\t\t<div class=\"elementor-widget-container\">\n\t\t\t\t\t\t\t<div class=\"elementor-spacer\">\n\t\t\t<div class=\"elementor-spacer-inner\"><\/div>\n\t\t<\/div>\n\t\t\t\t\t\t<\/div>\n\t\t\t\t<\/div>\n\t\t\t\t<section class=\"elementor-section elementor-inner-section elementor-element elementor-element-ccd05b9 elementor-section-boxed elementor-section-height-default elementor-section-height-default\" data-id=\"ccd05b9\" data-element_type=\"section\">\n\t\t\t\t\t\t<div class=\"elementor-container elementor-column-gap-default\">\n\t\t\t\t\t<div class=\"elementor-column elementor-col-50 elementor-inner-column elementor-element elementor-element-bd2694d\" data-id=\"bd2694d\" data-element_type=\"column\">\n\t\t\t<div class=\"elementor-widget-wrap elementor-element-populated\">\n\t\t\t\t\t\t<div class=\"elementor-element elementor-element-58a953c elementor-widget elementor-widget-heading\" data-id=\"58a953c\" data-element_type=\"widget\" data-widget_type=\"heading.default\">\n\t\t\t\t<div class=\"elementor-widget-container\">\n\t\t\t\t\t<h3 class=\"elementor-heading-title elementor-size-default\">Chu Thi Mai Suong<\/h3>\t\t\t\t<\/div>\n\t\t\t\t<\/div>\n\t\t\t\t<div class=\"elementor-element elementor-element-83f7638 elementor-widget elementor-widget-heading\" data-id=\"83f7638\" data-element_type=\"widget\" data-widget_type=\"heading.default\">\n\t\t\t\t<div class=\"elementor-widget-container\">\n\t\t\t\t\t<p class=\"elementor-heading-title elementor-size-default\">Producteur ex\u00e9cutif<\/p>\t\t\t\t<\/div>\n\t\t\t\t<\/div>\n\t\t\t\t<div class=\"elementor-element elementor-element-7ac5b93 elementor-widget elementor-widget-text-editor\" data-id=\"7ac5b93\" data-element_type=\"widget\" data-widget_type=\"text-editor.default\">\n\t\t\t\t<div class=\"elementor-widget-container\">\n\t\t\t\t\t\t\t\t\t<p>D&#039;abord fixateur d&#039;\u00e9quipes de documentaires (TV, longs m\u00e9trages et intergouvernemental), Suong est rapidement devenu une &quot;perle rare&quot; dans le monde limit\u00e9 de la production du pays et a gravi les \u00e9chelons jusqu&#039;\u00e0 directeur de production sur des longs m\u00e9trages internationaux (Netflix &quot;Da 5 Bloods&quot;, CNC a fond\u00e9 &quot;Les confins du Monde&quot;, BBC BFI a financ\u00e9 &quot;Monsoon&quot;). Son professionnalisme, ses parfaites comp\u00e9tences en communication, son honn\u00eatet\u00e9 et sa capacit\u00e9 \u00e0 faire le pont entre les voies locales et les demandes internationales ont fait d&#039;elle une productrice extr\u00eamement recherch\u00e9e.<\/p>\t\t\t\t\t\t\t\t<\/div>\n\t\t\t\t<\/div>\n\t\t\t\t<div class=\"elementor-element elementor-element-0c41542 e-grid-align-left elementor-shape-rounded elementor-grid-0 elementor-widget elementor-widget-social-icons\" data-id=\"0c41542\" data-element_type=\"widget\" data-widget_type=\"social-icons.default\">\n\t\t\t\t<div class=\"elementor-widget-container\">\n\t\t\t\t\t\t\t<div class=\"elementor-social-icons-wrapper elementor-grid\">\n\t\t\t\t\t\t\t<span class=\"elementor-grid-item\">\n\t\t\t\t\t<a class=\"elementor-icon elementor-social-icon elementor-social-icon-imdb elementor-repeater-item-0bf31b2\" href=\"https:\/\/www.imdb.com\/name\/nm7288105\/\" target=\"_blank\" rel=\"noopener\">\n\t\t\t\t\t\t<span class=\"elementor-screen-only\">Imdb<\/span>\n\t\t\t\t\t\t<svg xmlns=\"http:\/\/www.w3.org\/2000\/svg\" xmlns:xlink=\"http:\/\/www.w3.org\/1999\/xlink\" id=\"Capa_1\" x=\"0px\" y=\"0px\" viewbox=\"0 0 490.667 490.667\" style=\"enable-background:new 0 0 490.667 490.667;\" xml:space=\"preserve\"><path style=\"fill:#FFC107;\" d=\"M53.333,138.667h384c29.455,0,53.333,23.878,53.333,53.333v106.667  c0,29.455-23.878,53.333-53.333,53.333h-384C23.878,352,0,328.122,0,298.667V192C0,162.545,23.878,138.667,53.333,138.667z\"><\/path><g>\t<path style=\"fill:#455A64;\" d=\"M96,309.333c-5.891,0-10.667-4.776-10.667-10.667V192c0-5.891,4.776-10.667,10.667-10.667   c5.891,0,10.667,4.776,10.667,10.667v106.667C106.667,304.558,101.891,309.333,96,309.333z\"><\/path>\t<path style=\"fill:#455A64;\" d=\"M224,309.333c-5.891,0-10.667-4.776-10.667-10.667v-96h-1.92L191.787,300.8   c-1.172,5.773-6.803,9.503-12.576,8.331c-4.198-0.852-7.478-4.133-8.331-8.331l-19.627-98.133h-1.92v96   c0,5.891-4.776,10.667-10.667,10.667S128,304.558,128,298.667V192c0-5.891,4.776-10.667,10.667-10.667H160   c5.07-0.001,9.439,3.566,10.453,8.533l10.88,54.4l10.88-54.4c1.014-4.967,5.384-8.534,10.453-8.533H224   c5.891,0,10.667,4.776,10.667,10.667v106.667C234.667,304.558,229.891,309.333,224,309.333z\"><\/path>\t<path style=\"fill:#455A64;\" d=\"M288,309.333h-21.333c-5.891,0-10.667-4.776-10.667-10.667V192c0-5.891,4.776-10.667,10.667-10.667   H288c17.673,0,32,14.327,32,32v64C320,295.006,305.673,309.333,288,309.333z M277.333,288H288c5.891,0,10.667-4.776,10.667-10.667   v-64c0-5.891-4.776-10.667-10.667-10.667h-10.667V288z\"><\/path>\t<path style=\"fill:#455A64;\" d=\"M352,309.333c-5.891,0-10.667-4.776-10.667-10.667V192c0-5.891,4.776-10.667,10.667-10.667   c5.891,0,10.667,4.776,10.667,10.667v106.667C362.667,304.558,357.891,309.333,352,309.333z\"><\/path>\t<path style=\"fill:#455A64;\" d=\"M373.333,309.333c-17.673,0-32-14.327-32-32v-42.667c0-17.673,14.327-32,32-32s32,14.327,32,32   v42.667C405.333,295.006,391.006,309.333,373.333,309.333z M373.333,224c-5.891,0-10.667,4.776-10.667,10.667v42.667   c0,5.891,4.776,10.667,10.667,10.667S384,283.224,384,277.333v-42.667C384,228.776,379.224,224,373.333,224z\"><\/path><\/g><g><\/g><g><\/g><g><\/g><g><\/g><g><\/g><g><\/g><g><\/g><g><\/g><g><\/g><g><\/g><g><\/g><g><\/g><g><\/g><g><\/g><g><\/g><\/svg>\t\t\t\t\t<\/a>\n\t\t\t\t<\/span>\n\t\t\t\t\t<\/div>\n\t\t\t\t\t\t<\/div>\n\t\t\t\t<\/div>\n\t\t\t\t\t<\/div>\n\t\t<\/div>\n\t\t\t\t<div class=\"elementor-column elementor-col-50 elementor-inner-column elementor-element elementor-element-3cb33de\" data-id=\"3cb33de\" data-element_type=\"column\">\n\t\t\t<div class=\"elementor-widget-wrap elementor-element-populated\">\n\t\t\t\t\t\t<div class=\"elementor-element elementor-element-e68de1c elementor-widget elementor-widget-image\" data-id=\"e68de1c\" data-element_type=\"widget\" data-widget_type=\"image.default\">\n\t\t\t\t<div class=\"elementor-widget-container\">\n\t\t\t\t\t\t\t\t\t\t\t\t\t\t\t<img decoding=\"async\" width=\"580\" height=\"569\" src=\"https:\/\/film.almazmedia.com\/wp-content\/uploads\/2020\/08\/suong_portrait-1-1024x1004.jpg\" class=\"attachment-large size-large wp-image-400\" alt=\"Suong Portrait\" srcset=\"https:\/\/film.almazmedia.com\/wp-content\/uploads\/2020\/08\/suong_portrait-1-1024x1004.jpg 1024w, https:\/\/film.almazmedia.com\/wp-content\/uploads\/2020\/08\/suong_portrait-1-300x294.jpg 300w, https:\/\/film.almazmedia.com\/wp-content\/uploads\/2020\/08\/suong_portrait-1-768x753.jpg 768w, https:\/\/film.almazmedia.com\/wp-content\/uploads\/2020\/08\/suong_portrait-1.jpg 1200w\" sizes=\"(max-width: 580px) 100vw, 580px\" title=\"\">\t\t\t\t\t\t\t\t\t\t\t\t\t\t\t<\/div>\n\t\t\t\t<\/div>\n\t\t\t\t\t<\/div>\n\t\t<\/div>\n\t\t\t\t\t<\/div>\n\t\t<\/section>\n\t\t\t\t<section class=\"elementor-section elementor-inner-section elementor-element elementor-element-fed12e5 elementor-section-boxed elementor-section-height-default elementor-section-height-default\" data-id=\"fed12e5\" data-element_type=\"section\">\n\t\t\t\t\t\t<div class=\"elementor-container elementor-column-gap-default\">\n\t\t\t\t\t<div class=\"elementor-column elementor-col-50 elementor-inner-column elementor-element elementor-element-cb9eee7\" data-id=\"cb9eee7\" data-element_type=\"column\">\n\t\t\t<div class=\"elementor-widget-wrap elementor-element-populated\">\n\t\t\t\t\t\t<div class=\"elementor-element elementor-element-d05795c elementor-widget elementor-widget-heading\" data-id=\"d05795c\" data-element_type=\"widget\" data-widget_type=\"heading.default\">\n\t\t\t\t<div class=\"elementor-widget-container\">\n\t\t\t\t\t<h3 class=\"elementor-heading-title elementor-size-default\">Vincent Baumont<\/h3>\t\t\t\t<\/div>\n\t\t\t\t<\/div>\n\t\t\t\t<div class=\"elementor-element elementor-element-fe0e584 elementor-widget elementor-widget-heading\" data-id=\"fe0e584\" data-element_type=\"widget\" data-widget_type=\"heading.default\">\n\t\t\t\t<div class=\"elementor-widget-container\">\n\t\t\t\t\t<p class=\"elementor-heading-title elementor-size-default\">Directeur de cr\u00e9ation<\/p>\t\t\t\t<\/div>\n\t\t\t\t<\/div>\n\t\t\t\t<div class=\"elementor-element elementor-element-bfcc0c7 elementor-widget elementor-widget-text-editor\" data-id=\"bfcc0c7\" data-element_type=\"widget\" data-widget_type=\"text-editor.default\">\n\t\t\t\t<div class=\"elementor-widget-container\">\n\t\t\t\t\t\t\t\t\t<p>De formation artistique \u00e0 Paris, Vincent se sp\u00e9cialise ensuite dans l&#039;image en mouvement \u00e0 la prestigieuse \u00e9cole des Arts D\u00e9co. Il a fond\u00e9 la soci\u00e9t\u00e9 de production Almaz, un collectif d&#039;art num\u00e9rique et un festival de courts m\u00e9trages. Il a tourn\u00e9 de nombreux documentaires et se concentre maintenant sur le travail de fiction. Ses documentaires et vid\u00e9oclips ont \u00e9t\u00e9 r\u00e9compens\u00e9s internationalement. Dans la r\u00e9gion depuis 10 ans, il a travaill\u00e9 professionnellement pour des clients dans la plupart des pays asiatiques<\/p>\t\t\t\t\t\t\t\t<\/div>\n\t\t\t\t<\/div>\n\t\t\t\t\t<\/div>\n\t\t<\/div>\n\t\t\t\t<div class=\"elementor-column elementor-col-50 elementor-inner-column elementor-element elementor-element-f72b5ba\" data-id=\"f72b5ba\" data-element_type=\"column\">\n\t\t\t<div class=\"elementor-widget-wrap elementor-element-populated\">\n\t\t\t\t\t\t<div class=\"elementor-element elementor-element-9bd865e elementor-widget elementor-widget-image\" data-id=\"9bd865e\" data-element_type=\"widget\" data-widget_type=\"image.default\">\n\t\t\t\t<div class=\"elementor-widget-container\">\n\t\t\t\t\t\t\t\t\t\t\t\t\t\t\t<img decoding=\"async\" width=\"580\" height=\"580\" src=\"https:\/\/film.almazmedia.com\/wp-content\/uploads\/2020\/07\/Vincent_Baumont-1024x1024.jpg\" class=\"attachment-large size-large wp-image-310\" alt=\"Vincent Baumont\" srcset=\"https:\/\/film.almazmedia.com\/wp-content\/uploads\/2020\/07\/Vincent_Baumont-1024x1024.jpg 1024w, https:\/\/film.almazmedia.com\/wp-content\/uploads\/2020\/07\/Vincent_Baumont-300x300.jpg 300w, https:\/\/film.almazmedia.com\/wp-content\/uploads\/2020\/07\/Vincent_Baumont-150x150.jpg 150w, https:\/\/film.almazmedia.com\/wp-content\/uploads\/2020\/07\/Vincent_Baumont-768x768.jpg 768w, https:\/\/film.almazmedia.com\/wp-content\/uploads\/2020\/07\/Vincent_Baumont.jpg 1200w\" sizes=\"(max-width: 580px) 100vw, 580px\" title=\"\">\t\t\t\t\t\t\t\t\t\t\t\t\t\t\t<\/div>\n\t\t\t\t<\/div>\n\t\t\t\t\t<\/div>\n\t\t<\/div>\n\t\t\t\t\t<\/div>\n\t\t<\/section>\n\t\t\t\t<section class=\"elementor-section elementor-inner-section elementor-element elementor-element-74d1556 elementor-section-boxed elementor-section-height-default elementor-section-height-default\" data-id=\"74d1556\" data-element_type=\"section\">\n\t\t\t\t\t\t<div class=\"elementor-container elementor-column-gap-default\">\n\t\t\t\t\t<div class=\"elementor-column elementor-col-50 elementor-inner-column elementor-element elementor-element-910e79f\" data-id=\"910e79f\" data-element_type=\"column\">\n\t\t\t<div class=\"elementor-widget-wrap elementor-element-populated\">\n\t\t\t\t\t\t<div class=\"elementor-element elementor-element-e855121 elementor-widget elementor-widget-heading\" data-id=\"e855121\" data-element_type=\"widget\" data-widget_type=\"heading.default\">\n\t\t\t\t<div class=\"elementor-widget-container\">\n\t\t\t\t\t<h3 class=\"elementor-heading-title elementor-size-default\">Ha Rika<\/h3>\t\t\t\t<\/div>\n\t\t\t\t<\/div>\n\t\t\t\t<div class=\"elementor-element elementor-element-3808208 elementor-widget elementor-widget-heading\" data-id=\"3808208\" data-element_type=\"widget\" data-widget_type=\"heading.default\">\n\t\t\t\t<div class=\"elementor-widget-container\">\n\t\t\t\t\t<p class=\"elementor-heading-title elementor-size-default\">R\u00e9alisateur<\/p>\t\t\t\t<\/div>\n\t\t\t\t<\/div>\n\t\t\t\t<div class=\"elementor-element elementor-element-7fee8b5 elementor-widget elementor-widget-text-editor\" data-id=\"7fee8b5\" data-element_type=\"widget\" data-widget_type=\"text-editor.default\">\n\t\t\t\t<div class=\"elementor-widget-container\">\n\t\t\t\t\t\t\t\t\t<p>Ha a commenc\u00e9 comme cin\u00e9aste ind\u00e9pendante qui n&#039;\u00e9tait connue pour aucun de ses travaux s\u00e9rieux. Ce n&#039;est que lorsqu&#039;elle a tourn\u00e9 avec son smartphone pour la premi\u00e8re fois qu&#039;Internet a \u00e9t\u00e9 inond\u00e9 par ses vid\u00e9os hilarantes. Elle a surf\u00e9 sur la vague virale dans l&#039;industrie du marketing pour travailler en tant que directrice artistique multidisciplinaire. Au cours de la derni\u00e8re d\u00e9cennie, Ha a compos\u00e9 un langage visuel qui parle \u00e0 l&#039;\u00e2me humaine des marques. Elle a h\u00e2te d&#039;apporter plus de couleur<br \/>au monde des moins connus<\/p>\t\t\t\t\t\t\t\t<\/div>\n\t\t\t\t<\/div>\n\t\t\t\t\t<\/div>\n\t\t<\/div>\n\t\t\t\t<div class=\"elementor-column elementor-col-50 elementor-inner-column elementor-element elementor-element-ce7eb31\" data-id=\"ce7eb31\" data-element_type=\"column\">\n\t\t\t<div class=\"elementor-widget-wrap elementor-element-populated\">\n\t\t\t\t\t\t<div class=\"elementor-element elementor-element-464131e elementor-widget elementor-widget-image\" data-id=\"464131e\" data-element_type=\"widget\" data-widget_type=\"image.default\">\n\t\t\t\t<div class=\"elementor-widget-container\">\n\t\t\t\t\t\t\t\t\t\t\t\t\t\t\t<img loading=\"lazy\" decoding=\"async\" width=\"580\" height=\"580\" src=\"https:\/\/film.almazmedia.com\/wp-content\/uploads\/2020\/08\/P1380073.jpg\" class=\"attachment-large size-large wp-image-426\" alt=\"\" srcset=\"https:\/\/film.almazmedia.com\/wp-content\/uploads\/2020\/08\/P1380073.jpg 800w, https:\/\/film.almazmedia.com\/wp-content\/uploads\/2020\/08\/P1380073-300x300.jpg 300w, https:\/\/film.almazmedia.com\/wp-content\/uploads\/2020\/08\/P1380073-150x150.jpg 150w, https:\/\/film.almazmedia.com\/wp-content\/uploads\/2020\/08\/P1380073-768x768.jpg 768w\" sizes=\"(max-width: 580px) 100vw, 580px\" title=\"\">\t\t\t\t\t\t\t\t\t\t\t\t\t\t\t<\/div>\n\t\t\t\t<\/div>\n\t\t\t\t\t<\/div>\n\t\t<\/div>\n\t\t\t\t\t<\/div>\n\t\t<\/section>\n\t\t\t\t\t<\/div>\n\t\t<\/div>\n\t\t\t\t\t<\/div>\n\t\t<\/section>\n\t\t\t\t<\/div>","protected":false},"excerpt":{"rendered":"<p>Points forts de l&#039;entreprise \u00c9tablis depuis pr\u00e8s d&#039;une d\u00e9cennie, nous avons confiance dans les normes internationales, la flexibilit\u00e9 et la cr\u00e9ativit\u00e9 que permet notre mod\u00e8le de boutique. Notre acc\u00e8s exclusif et notre exp\u00e9rience avec les liaisons gouvernementales ont permis d&#039;assurer de nombreuses productions pass\u00e9es, m\u00eame dans les plus difficiles. Parce que nous produisons \u00e9galement nos propres films, nous avons un \u00e9norme r\u00e9seau de freelances, [\u2026]<\/p>","protected":false},"author":1,"featured_media":0,"parent":0,"menu_order":0,"comment_status":"closed","ping_status":"closed","template":"elementor_header_footer","meta":{"footnotes":""},"class_list":["post-154","page","type-page","status-publish","hentry"],"_links":{"self":[{"href":"https:\/\/film.almazmedia.com\/fr\/wp-json\/wp\/v2\/pages\/154","targetHints":{"allow":["GET"]}}],"collection":[{"href":"https:\/\/film.almazmedia.com\/fr\/wp-json\/wp\/v2\/pages"}],"about":[{"href":"https:\/\/film.almazmedia.com\/fr\/wp-json\/wp\/v2\/types\/page"}],"author":[{"embeddable":true,"href":"https:\/\/film.almazmedia.com\/fr\/wp-json\/wp\/v2\/users\/1"}],"replies":[{"embeddable":true,"href":"https:\/\/film.almazmedia.com\/fr\/wp-json\/wp\/v2\/comments?post=154"}],"version-history":[{"count":5,"href":"https:\/\/film.almazmedia.com\/fr\/wp-json\/wp\/v2\/pages\/154\/revisions"}],"predecessor-version":[{"id":509,"href":"https:\/\/film.almazmedia.com\/fr\/wp-json\/wp\/v2\/pages\/154\/revisions\/509"}],"wp:attachment":[{"href":"https:\/\/film.almazmedia.com\/fr\/wp-json\/wp\/v2\/media?parent=154"}],"curies":[{"name":"wp","href":"https:\/\/api.w.org\/{rel}","templated":true}]}}